{"id":6897,"date":"2025-06-08T08:47:59","date_gmt":"2025-06-08T08:47:59","guid":{"rendered":"http:\/\/ibs.drenai.net\/?page_id=6897"},"modified":"2025-06-08T08:57:14","modified_gmt":"2025-06-08T08:57:14","slug":"pabl-legend-series-2025-play-offs","status":"publish","type":"page","link":"http:\/\/ibs.drenai.net\/?page_id=6897","title":{"rendered":"PABL Legend Series 2025 Play Offs"},"content":{"rendered":"<ul>\n<li>Die Pl\u00e4tze 1 bis 3 der Group C qualifizieren sich direkt f\u00fcr das Halbfinale.<\/li>\n<li>Die Pl\u00e4tze 4 und 5 spielen im Wild Card den letzten Halbfinalteilnehmer aus.<\/li>\n<li>Im Halbfinale wird im Best of 3 und im Finale &#8211; den Series &#8211; wird im Best of 5 gespielt.<\/li>\n<\/ul>\n<h1>Wild Card<\/h1>\n<div class=\"sportspress\"><div class=\"sp-template sp-template-event-list\">\n\t\t\t<h4 class=\"sp-table-caption\">PABL Legend Series 2025 &#8211; Wild Card<\/h4>\n\t\t<div class=\"sp-table-wrapper\">\n\t\t<table class=\"sp-event-list sp-event-list-format-title sp-data-table\n\t\t\t\t\t\t\t\t\t\t\t\t\t\t\t\t\t\t\t\t sp-paginated-table\n\t\t\t\t\t\t\t\t\t\t\t\t\t\t\t\t\t\t \t\t\t sp-sortable-table\n\t\t\t\t\t\t\t\t\t\t\t\t\t\t\t\t\t\t \t\t\t\t\t\t\t\t\t\t\t\t\t sp-scrollable-table \" data-sp-rows=\"10\">\n\t\t\t<thead>\n\t\t\t\t<tr>\n\t\t\t\t\t<th class=\"data-date\">Datum<\/th><th class=\"data-event\">Game<\/th><th class=\"data-time\">Zeit\/Ergebnisse<\/th><th style=\"display:none;\" class=\"data-venue\">Field<\/th>\t\t\t\t<\/tr>\n\t\t\t<\/thead>\n\t\t\t<tbody>\n\t\t\t\t<tr class=\"sp-row sp-post alternate sp-row-no-0\" itemscope itemtype=\"http:\/\/schema.org\/SportsEvent\"><td class=\"data-date\" itemprop=\"startDate\" content=\"2025-07-12T06:14:52+00:00\" data-label=\"Datum\"><a href=\"http:\/\/ibs.drenai.net\/?sp_event=harper-wasps-amada-patriots\" itemprop=\"url\"><date>2025-07-12 06:14:52<\/date>Juli 12, 2025<\/a><\/td><td class=\"data-event\" data-label=\"Game\"><a href=\"http:\/\/ibs.drenai.net\/?sp_event=harper-wasps-amada-patriots\"> Harper Wasps \u2014 Amada Patriots<\/a><\/td><td class=\"data-time ok\" data-label=\"Zeit\/Ergebnisse\"><a href=\"http:\/\/ibs.drenai.net\/?sp_event=harper-wasps-amada-patriots\" itemprop=\"url\">7 - 5<\/a><\/td><td style=\"display:none;\" class=\"data-venue\" data-label=\"Field\" itemprop=\"location\" itemscope itemtype=\"http:\/\/schema.org\/Place\"><div itemprop=\"address\" itemscope itemtype=\"http:\/\/schema.org\/PostalAddress\">n.\u00a0a.<\/div><\/td><\/tr>\t\t\t<\/tbody>\n\t\t<\/table>\n\t<\/div>\n\t<\/div>\n<\/div>\n<h1>Halbfinale<\/h1>\n<div class=\"sportspress\"><div class=\"sp-template sp-template-event-list\">\n\t\t\t<h4 class=\"sp-table-caption\">Diablos Rojos de Laguna \u2014 Harper Wasps 2-0<\/h4>\n\t\t<div class=\"sp-table-wrapper\">\n\t\t<table class=\"sp-event-list sp-event-list-format-title sp-data-table\n\t\t\t\t\t\t\t\t\t\t\t\t\t\t\t\t\t\t\t\t sp-paginated-table\n\t\t\t\t\t\t\t\t\t\t\t\t\t\t\t\t\t\t \t\t\t sp-sortable-table\n\t\t\t\t\t\t\t\t\t\t\t\t\t\t\t\t\t\t \t\t\t\t\t\t\t\t\t\t\t\t\t sp-scrollable-table \" data-sp-rows=\"10\">\n\t\t\t<thead>\n\t\t\t\t<tr>\n\t\t\t\t\t<th class=\"data-date\">Datum<\/th><th class=\"data-event\">Game<\/th><th class=\"data-time\">Zeit\/Ergebnisse<\/th><th style=\"display:none;\" class=\"data-venue\">Field<\/th>\t\t\t\t<\/tr>\n\t\t\t<\/thead>\n\t\t\t<tbody>\n\t\t\t\t<tr class=\"sp-row sp-post alternate sp-row-no-0\" itemscope itemtype=\"http:\/\/schema.org\/SportsEvent\"><td class=\"data-date\" itemprop=\"startDate\" content=\"2025-07-14T06:16:02+00:00\" data-label=\"Datum\"><a href=\"http:\/\/ibs.drenai.net\/?sp_event=diablo-rojo-de-laguna-sieger-wild-card-wasps-patriots\" itemprop=\"url\"><date>2025-07-14 06:16:02<\/date>Juli 14, 2025<\/a><\/td><td class=\"data-event\" data-label=\"Game\"><a href=\"http:\/\/ibs.drenai.net\/?sp_event=diablo-rojo-de-laguna-sieger-wild-card-wasps-patriots\"> Diablos Rojos de Laguna \u2014 Harper Wasps<\/a><\/td><td class=\"data-time ok\" data-label=\"Zeit\/Ergebnisse\"><a href=\"http:\/\/ibs.drenai.net\/?sp_event=diablo-rojo-de-laguna-sieger-wild-card-wasps-patriots\" itemprop=\"url\">5 - 2<\/a><\/td><td style=\"display:none;\" class=\"data-venue\" data-label=\"Field\" itemprop=\"location\" itemscope itemtype=\"http:\/\/schema.org\/Place\"><div itemprop=\"address\" itemscope itemtype=\"http:\/\/schema.org\/PostalAddress\">n.\u00a0a.<\/div><\/td><\/tr><tr class=\"sp-row sp-post sp-row-no-1\" itemscope itemtype=\"http:\/\/schema.org\/SportsEvent\"><td class=\"data-date\" itemprop=\"startDate\" content=\"2025-07-15T06:17:17+00:00\" data-label=\"Datum\"><a href=\"http:\/\/ibs.drenai.net\/?sp_event=diablo-rojo-de-laguna-sieger-wild-card-wasps-patriots-2\" itemprop=\"url\"><date>2025-07-15 06:17:17<\/date>Juli 15, 2025<\/a><\/td><td class=\"data-event\" data-label=\"Game\"><a href=\"http:\/\/ibs.drenai.net\/?sp_event=diablo-rojo-de-laguna-sieger-wild-card-wasps-patriots-2\"> Diablos Rojos de Laguna \u2014 Harper Wasps<\/a><\/td><td class=\"data-time ok\" data-label=\"Zeit\/Ergebnisse\"><a href=\"http:\/\/ibs.drenai.net\/?sp_event=diablo-rojo-de-laguna-sieger-wild-card-wasps-patriots-2\" itemprop=\"url\">6 - 3<\/a><\/td><td style=\"display:none;\" class=\"data-venue\" data-label=\"Field\" itemprop=\"location\" itemscope itemtype=\"http:\/\/schema.org\/Place\"><div itemprop=\"address\" itemscope itemtype=\"http:\/\/schema.org\/PostalAddress\">n.\u00a0a.<\/div><\/td><\/tr>\t\t\t<\/tbody>\n\t\t<\/table>\n\t<\/div>\n\t<\/div>\n<\/div>\n<div class=\"sportspress\"><div class=\"sp-template sp-template-event-list\">\n\t\t\t<h4 class=\"sp-table-caption\">Santiago Marineros &#8211; Palmerston Bats 2-1<\/h4>\n\t\t<div class=\"sp-table-wrapper\">\n\t\t<table class=\"sp-event-list sp-event-list-format-title sp-data-table\n\t\t\t\t\t\t\t\t\t\t\t\t\t\t\t\t\t\t\t\t sp-paginated-table\n\t\t\t\t\t\t\t\t\t\t\t\t\t\t\t\t\t\t \t\t\t sp-sortable-table\n\t\t\t\t\t\t\t\t\t\t\t\t\t\t\t\t\t\t \t\t\t\t\t\t\t\t\t\t\t\t\t sp-scrollable-table \" data-sp-rows=\"10\">\n\t\t\t<thead>\n\t\t\t\t<tr>\n\t\t\t\t\t<th class=\"data-date\">Datum<\/th><th class=\"data-event\">Game<\/th><th class=\"data-time\">Zeit\/Ergebnisse<\/th><th style=\"display:none;\" class=\"data-venue\">Field<\/th>\t\t\t\t<\/tr>\n\t\t\t<\/thead>\n\t\t\t<tbody>\n\t\t\t\t<tr class=\"sp-row sp-post alternate sp-row-no-0\" itemscope itemtype=\"http:\/\/schema.org\/SportsEvent\"><td class=\"data-date\" itemprop=\"startDate\" content=\"2025-07-14T06:17:42+00:00\" data-label=\"Datum\"><a href=\"http:\/\/ibs.drenai.net\/?sp_event=santiago-marineros-palmerston-bats\" itemprop=\"url\"><date>2025-07-14 06:17:42<\/date>Juli 14, 2025<\/a><\/td><td class=\"data-event\" data-label=\"Game\"><a href=\"http:\/\/ibs.drenai.net\/?sp_event=santiago-marineros-palmerston-bats\"> Santiago Marineros - Palmerston Bats<\/a><\/td><td class=\"data-time ok\" data-label=\"Zeit\/Ergebnisse\"><a href=\"http:\/\/ibs.drenai.net\/?sp_event=santiago-marineros-palmerston-bats\" itemprop=\"url\">8 - 7<\/a><\/td><td style=\"display:none;\" class=\"data-venue\" data-label=\"Field\" itemprop=\"location\" itemscope itemtype=\"http:\/\/schema.org\/Place\"><div itemprop=\"address\" itemscope itemtype=\"http:\/\/schema.org\/PostalAddress\">n.\u00a0a.<\/div><\/td><\/tr><tr class=\"sp-row sp-post sp-row-no-1\" itemscope itemtype=\"http:\/\/schema.org\/SportsEvent\"><td class=\"data-date\" itemprop=\"startDate\" content=\"2025-07-15T06:18:20+00:00\" data-label=\"Datum\"><a href=\"http:\/\/ibs.drenai.net\/?sp_event=santiago-marineros-palmerston-bats-2\" itemprop=\"url\"><date>2025-07-15 06:18:20<\/date>Juli 15, 2025<\/a><\/td><td class=\"data-event\" data-label=\"Game\"><a href=\"http:\/\/ibs.drenai.net\/?sp_event=santiago-marineros-palmerston-bats-2\"> Santiago Marineros - Palmerston Bats<\/a><\/td><td class=\"data-time ok\" data-label=\"Zeit\/Ergebnisse\"><a href=\"http:\/\/ibs.drenai.net\/?sp_event=santiago-marineros-palmerston-bats-2\" itemprop=\"url\">4 - 5<\/a><\/td><td style=\"display:none;\" class=\"data-venue\" data-label=\"Field\" itemprop=\"location\" itemscope itemtype=\"http:\/\/schema.org\/Place\"><div itemprop=\"address\" itemscope itemtype=\"http:\/\/schema.org\/PostalAddress\">n.\u00a0a.<\/div><\/td><\/tr><tr class=\"sp-row sp-post alternate sp-row-no-2\" itemscope itemtype=\"http:\/\/schema.org\/SportsEvent\"><td class=\"data-date\" itemprop=\"startDate\" content=\"2025-07-17T06:29:27+00:00\" data-label=\"Datum\"><a href=\"http:\/\/ibs.drenai.net\/?sp_event=santiago-marineros-palmerston-bats-3\" itemprop=\"url\"><date>2025-07-17 06:29:27<\/date>Juli 17, 2025<\/a><\/td><td class=\"data-event\" data-label=\"Game\"><a href=\"http:\/\/ibs.drenai.net\/?sp_event=santiago-marineros-palmerston-bats-3\"> Santiago Marineros \u2014 Palmerston Bats<\/a><\/td><td class=\"data-time ok\" data-label=\"Zeit\/Ergebnisse\"><a href=\"http:\/\/ibs.drenai.net\/?sp_event=santiago-marineros-palmerston-bats-3\" itemprop=\"url\">7 - 5<\/a><\/td><td style=\"display:none;\" class=\"data-venue\" data-label=\"Field\" itemprop=\"location\" itemscope itemtype=\"http:\/\/schema.org\/Place\"><div itemprop=\"address\" itemscope itemtype=\"http:\/\/schema.org\/PostalAddress\">n.\u00a0a.<\/div><\/td><\/tr>\t\t\t<\/tbody>\n\t\t<\/table>\n\t<\/div>\n\t<\/div>\n<\/div>\n<h1>Series 2025<\/h1>\n<div class=\"sportspress\"><div class=\"sp-template sp-template-event-list\">\n\t\t\t<h4 class=\"sp-table-caption\">Diablos Rojos de Laguna \u2014 Santiago Marineros 3-2<\/h4>\n\t\t<div class=\"sp-table-wrapper\">\n\t\t<table class=\"sp-event-list sp-event-list-format-title sp-data-table\n\t\t\t\t\t\t\t\t\t\t\t\t\t\t\t\t\t\t\t\t sp-paginated-table\n\t\t\t\t\t\t\t\t\t\t\t\t\t\t\t\t\t\t \t\t\t sp-sortable-table\n\t\t\t\t\t\t\t\t\t\t\t\t\t\t\t\t\t\t \t\t\t\t\t\t\t\t\t\t\t\t\t sp-scrollable-table \" data-sp-rows=\"10\">\n\t\t\t<thead>\n\t\t\t\t<tr>\n\t\t\t\t\t<th class=\"data-date\">Datum<\/th><th class=\"data-event\">Game<\/th><th class=\"data-time\">Zeit\/Ergebnisse<\/th><th style=\"display:none;\" class=\"data-venue\">Field<\/th>\t\t\t\t<\/tr>\n\t\t\t<\/thead>\n\t\t\t<tbody>\n\t\t\t\t<tr class=\"sp-row sp-post alternate sp-row-no-0\" itemscope itemtype=\"http:\/\/schema.org\/SportsEvent\"><td class=\"data-date\" itemprop=\"startDate\" content=\"2025-07-19T05:39:10+00:00\" data-label=\"Datum\"><a href=\"http:\/\/ibs.drenai.net\/?sp_event=diablo-rojo-de-laguna-santiago-marineros\" itemprop=\"url\"><date>2025-07-19 05:39:10<\/date>Juli 19, 2025<\/a><\/td><td class=\"data-event\" data-label=\"Game\"><a href=\"http:\/\/ibs.drenai.net\/?sp_event=diablo-rojo-de-laguna-santiago-marineros\"> Diablos Rojos de Laguna \u2014 Santiago Marineros<\/a><\/td><td class=\"data-time ok\" data-label=\"Zeit\/Ergebnisse\"><a href=\"http:\/\/ibs.drenai.net\/?sp_event=diablo-rojo-de-laguna-santiago-marineros\" itemprop=\"url\">6 - 4<\/a><\/td><td style=\"display:none;\" class=\"data-venue\" data-label=\"Field\" itemprop=\"location\" itemscope itemtype=\"http:\/\/schema.org\/Place\"><div itemprop=\"address\" itemscope itemtype=\"http:\/\/schema.org\/PostalAddress\">n.\u00a0a.<\/div><\/td><\/tr><tr class=\"sp-row sp-post sp-row-no-1\" itemscope itemtype=\"http:\/\/schema.org\/SportsEvent\"><td class=\"data-date\" itemprop=\"startDate\" content=\"2025-07-20T05:39:37+00:00\" data-label=\"Datum\"><a href=\"http:\/\/ibs.drenai.net\/?sp_event=diablo-rojo-de-laguna-santiago-marineros-2\" itemprop=\"url\"><date>2025-07-20 05:39:37<\/date>Juli 20, 2025<\/a><\/td><td class=\"data-event\" data-label=\"Game\"><a href=\"http:\/\/ibs.drenai.net\/?sp_event=diablo-rojo-de-laguna-santiago-marineros-2\"> Diablos Rojos de Laguna \u2014 Santiago Marineros<\/a><\/td><td class=\"data-time ok\" data-label=\"Zeit\/Ergebnisse\"><a href=\"http:\/\/ibs.drenai.net\/?sp_event=diablo-rojo-de-laguna-santiago-marineros-2\" itemprop=\"url\">3 - 5<\/a><\/td><td style=\"display:none;\" class=\"data-venue\" data-label=\"Field\" itemprop=\"location\" itemscope itemtype=\"http:\/\/schema.org\/Place\"><div itemprop=\"address\" itemscope itemtype=\"http:\/\/schema.org\/PostalAddress\">n.\u00a0a.<\/div><\/td><\/tr><tr class=\"sp-row sp-post alternate sp-row-no-2\" itemscope itemtype=\"http:\/\/schema.org\/SportsEvent\"><td class=\"data-date\" itemprop=\"startDate\" content=\"2025-07-22T05:40:00+00:00\" data-label=\"Datum\"><a href=\"http:\/\/ibs.drenai.net\/?sp_event=diablo-rojo-de-laguna-santiago-marineros-3\" itemprop=\"url\"><date>2025-07-22 05:40:00<\/date>Juli 22, 2025<\/a><\/td><td class=\"data-event\" data-label=\"Game\"><a href=\"http:\/\/ibs.drenai.net\/?sp_event=diablo-rojo-de-laguna-santiago-marineros-3\"> Diablos Rojos de Laguna \u2014 Santiago Marineros<\/a><\/td><td class=\"data-time ok\" data-label=\"Zeit\/Ergebnisse\"><a href=\"http:\/\/ibs.drenai.net\/?sp_event=diablo-rojo-de-laguna-santiago-marineros-3\" itemprop=\"url\">7 - 6<\/a><\/td><td style=\"display:none;\" class=\"data-venue\" data-label=\"Field\" itemprop=\"location\" itemscope itemtype=\"http:\/\/schema.org\/Place\"><div itemprop=\"address\" itemscope itemtype=\"http:\/\/schema.org\/PostalAddress\">n.\u00a0a.<\/div><\/td><\/tr><tr class=\"sp-row sp-post sp-row-no-3\" itemscope itemtype=\"http:\/\/schema.org\/SportsEvent\"><td class=\"data-date\" itemprop=\"startDate\" content=\"2025-07-24T05:41:15+00:00\" data-label=\"Datum\"><a href=\"http:\/\/ibs.drenai.net\/?sp_event=diablo-rojo-de-laguna-santiago-marineros-4\" itemprop=\"url\"><date>2025-07-24 05:41:15<\/date>Juli 24, 2025<\/a><\/td><td class=\"data-event\" data-label=\"Game\"><a href=\"http:\/\/ibs.drenai.net\/?sp_event=diablo-rojo-de-laguna-santiago-marineros-4\"> Diablos Rojos de Laguna \u2014 Santiago Marineros<\/a><\/td><td class=\"data-time ok\" data-label=\"Zeit\/Ergebnisse\"><a href=\"http:\/\/ibs.drenai.net\/?sp_event=diablo-rojo-de-laguna-santiago-marineros-4\" itemprop=\"url\">3 - 4<\/a><\/td><td style=\"display:none;\" class=\"data-venue\" data-label=\"Field\" itemprop=\"location\" itemscope itemtype=\"http:\/\/schema.org\/Place\"><div itemprop=\"address\" itemscope itemtype=\"http:\/\/schema.org\/PostalAddress\">n.\u00a0a.<\/div><\/td><\/tr><tr class=\"sp-row sp-post alternate sp-row-no-4\" itemscope itemtype=\"http:\/\/schema.org\/SportsEvent\"><td class=\"data-date\" itemprop=\"startDate\" content=\"2025-07-25T08:31:32+00:00\" data-label=\"Datum\"><a href=\"http:\/\/ibs.drenai.net\/?sp_event=diablo-rojo-de-laguna-santiago-marineros-5\" itemprop=\"url\"><date>2025-07-25 08:31:32<\/date>Juli 25, 2025<\/a><\/td><td class=\"data-event\" data-label=\"Game\"><a href=\"http:\/\/ibs.drenai.net\/?sp_event=diablo-rojo-de-laguna-santiago-marineros-5\"> Diablos Rojos de Laguna \u2014 Santiago Marineros<\/a><\/td><td class=\"data-time ok\" data-label=\"Zeit\/Ergebnisse\"><a href=\"http:\/\/ibs.drenai.net\/?sp_event=diablo-rojo-de-laguna-santiago-marineros-5\" itemprop=\"url\">5 - 2<\/a><\/td><td style=\"display:none;\" class=\"data-venue\" data-label=\"Field\" itemprop=\"location\" itemscope itemtype=\"http:\/\/schema.org\/Place\"><div itemprop=\"address\" itemscope itemtype=\"http:\/\/schema.org\/PostalAddress\">n.\u00a0a.<\/div><\/td><\/tr>\t\t\t<\/tbody>\n\t\t<\/table>\n\t<\/div>\n\t<\/div>\n<\/div>\n","protected":false},"excerpt":{"rendered":"<p>Die Pl\u00e4tze 1 bis 3 der Group C qualifizieren sich direkt f\u00fcr das Halbfinale. Die Pl\u00e4tze 4 und 5 spielen im Wild Card den letzten Halbfinalteilnehmer aus. Im Halbfinale wird im Best of 3 und im Finale &#8211; den Series &#8211; wird im Best of 5 gespielt. Wild Card Halbfinale Series 2025<\/p>\n","protected":false},"author":1,"featured_media":0,"parent":0,"menu_order":0,"comment_status":"closed","ping_status":"closed","template":"","meta":{"footnotes":""},"class_list":["post-6897","page","type-page","status-publish","hentry"],"_links":{"self":[{"href":"http:\/\/ibs.drenai.net\/index.php?rest_route=\/wp\/v2\/pages\/6897","targetHints":{"allow":["GET"]}}],"collection":[{"href":"http:\/\/ibs.drenai.net\/index.php?rest_route=\/wp\/v2\/pages"}],"about":[{"href":"http:\/\/ibs.drenai.net\/index.php?rest_route=\/wp\/v2\/types\/page"}],"author":[{"embeddable":true,"href":"http:\/\/ibs.drenai.net\/index.php?rest_route=\/wp\/v2\/users\/1"}],"replies":[{"embeddable":true,"href":"http:\/\/ibs.drenai.net\/index.php?rest_route=%2Fwp%2Fv2%2Fcomments&post=6897"}],"version-history":[{"count":3,"href":"http:\/\/ibs.drenai.net\/index.php?rest_route=\/wp\/v2\/pages\/6897\/revisions"}],"predecessor-version":[{"id":6916,"href":"http:\/\/ibs.drenai.net\/index.php?rest_route=\/wp\/v2\/pages\/6897\/revisions\/6916"}],"wp:attachment":[{"href":"http:\/\/ibs.drenai.net\/index.php?rest_route=%2Fwp%2Fv2%2Fmedia&parent=6897"}],"curies":[{"name":"wp","href":"https:\/\/api.w.org\/{rel}","templated":true}]}}