{"id":6894,"date":"2025-06-08T08:47:59","date_gmt":"2025-06-08T08:47:59","guid":{"rendered":"http:\/\/ibs.drenai.net\/?page_id=6894"},"modified":"2025-06-08T09:04:25","modified_gmt":"2025-06-08T09:04:25","slug":"pabl-legend-series","status":"publish","type":"page","link":"http:\/\/ibs.drenai.net\/?page_id=6894","title":{"rendered":"PABL Legend Series"},"content":{"rendered":"<fieldset class=\"doc\">\n<p style=\"text-align: center;\"><strong><u>PABL Legend Series 2025<\/u><\/strong><br \/>\n<strong>Vorrunde<\/strong>: <a href=\"http:\/\/ibs.drenai.net\/?sp_table=pabl-legend-series-2025-group-a\" target=\"_blank\" rel=\"noopener\">Group A<\/a> | <a href=\"http:\/\/ibs.drenai.net\/?sp_table=pabl-legend-series-2025-group-b\" target=\"_blank\" rel=\"noopener\">Group B<\/a> &#8211; <strong>Zwischenrunde<\/strong>: <a href=\"http:\/\/ibs.drenai.net\/?sp_table=pabl-legend-series-2025-group-c\" target=\"_blank\" rel=\"noopener\">Group C<\/a> &#8211; <strong>Endrunde<\/strong>: <a href=\"http:\/\/ibs.drenai.net\/?page_id=6897\" target=\"_blank\" rel=\"noopener\">Play Offs<\/a><br \/>\n<a href=\"http:\/\/ibs.drenai.net\/?page_id=6898\" target=\"_blank\" rel=\"noopener\">Play Down<\/a><\/p>\n<hr \/>\n<h4><strong>Regulars<\/strong><\/h4>\n<p><strong>1) Teilnehmer und Qualifikation<br \/>\n<\/strong>a. Es nehmen die 20 Teams teil, die sich aufgrund der zuletzt durchgef\u00fchrten Legend Series qualifiziert haben.<br \/>\nb. Alle Teams, die sich f\u00fcr die Zwischenrunde qualifziert hatten und alle nicht qualifzierten Teams, die die Vorrunde mit einer positiven Siegbilanz abgeschlossen haben, sind f\u00fcr die Folge-Saison qualifziert.<br \/>\nc. Hat eine PABL-Saison in den letzten sechs Monaten statt gefunden, \u00e4ndert sich der Modus und ist gesondert festzulegen.<\/p>\n<p><strong>2) Spielmodus<br \/>\n<\/strong>a. In Vor- und Zwischenrunde sowie den Play Downs werden 7 Innings gespielt. In der Endrunde 9 Innings.<br \/>\nb. Steht es nach der ma\u00dfgeblichen Anzahl Unentschieden wird immer ein weiteres Inning gespielt, bis ein Sieger feststeht.<\/p>\n<p><strong>3) Vor- und Zwischenrunde<br \/>\n<\/strong>a. Die Anzahl der Siege z\u00e4hlt als erstes vor der Anzahl der Runs, anschlie\u00dfend der direkte Vergleich.<br \/>\nb. In der Vorrunde werden zwei Gruppen (Group A und Group B) mit je 10 Teams gebildet. Jeder spielt gegen jeden innerhalb der Gruppe.<br \/>\nc. Die ersten 5 Teams jeder Gruppe der Vorrunde qualifizieren sich f\u00fcr die Zwischenrunde.<br \/>\nd. In der Zwischenrunde sind alle zehn Teams in einer Gruppe. Jeder spielt gegen jeden innerhalb der Gruppe.<\/p>\n<p><strong>4) Endrunde<br \/>\n<\/strong>a. Die ersten drei Teams sind f\u00fcr die Play Offs qualifiziert.<br \/>\nb. Die Pl\u00e4tze 4 und 5 spielen in der Wild Card den letzten Play Off-Teilnehmer aus.<br \/>\nc. In den Play Offs tritt Platz 1 gegen den Sieger der Wild Card an. Platz 2 gegen Platz 3. Die Play Offs werden im Best of 3 ausgetragen. Die Sieger stehen im Finale.<br \/>\nd. Das Finale wird im Best of 5 ausgetragen.<\/p>\n<p><strong>5) Play Downs<br \/>\n<\/strong>a.Die Teams, die nach der Vorrunde ausgeschieden sind und eine negative Siegbilanz haben, treten in einem dann noch zu bestimmenden Modus in den Play Downs an. In der ersten Phase der Play Downs werden im Gruppenmodus die Teams ausgespielt, die in der n\u00e4chsten Legend Series spielen d\u00fcrfen. In der zweiten Phase spielen die \u00fcbrigen Teams gegen das in dem Jahr nicht teilnahmeberechtigte Team um die letzten Pl\u00e4tze f\u00fcr die Legend Series des n\u00e4chsten Jahres.<br \/>\nb. Der Modus kann erst nach Ende der Endrunde am 9. Turniertag festgelegt werden.<br \/>\nc. Die Play Downs werden nach den Series ausgetragen und beginnen 3 Tage nach dem letzten Finaltag.<\/p>\n<p><strong>6) Zeitplan<br \/>\n<\/strong>1. bis 9. Turniertage: Vorrunde<br \/>\n10. und 11. Turniertag: Spielfrei<br \/>\n12. bis 20. Turniertag: Zwischenrunde<br \/>\n21. und 22. Turniertag: Spielfrei<br \/>\n23. Turniertag: Wild Card-Spiel<br \/>\n24. Turniertag: Spielfrei<br \/>\n25. und 26. Turniertag: Play Off-Spieltage 1 und 2<br \/>\n27. Turniertag: Spielfrei<br \/>\n28. Turniertag: M\u00f6glicher 3. Play Off-Spieltag, evtl. Spielfrei<br \/>\n29. bis 30. Turniertag: Spielfrei<br \/>\n31. und 32. Turniertag: Series-Spieltage 1 und 2<br \/>\n33. Turniertag: Spielfrei<br \/>\n34. Turniertag: Series-Spieltag 3<br \/>\n35. Turniertag: Spielfrei<br \/>\n36. und 37. M\u00f6gliche Series-Spieltage 4 und 5, evtl. Spielfrei<\/fieldset>\n","protected":false},"excerpt":{"rendered":"<p>PABL Legend Series 2025 Vorrunde: Group A | Group B &#8211; Zwischenrunde: Group C &#8211; Endrunde: Play Offs Play Down Regulars 1) Teilnehmer und Qualifikation a. Es nehmen die 20 Teams teil, die sich aufgrund der zuletzt durchgef\u00fchrten Legend Series qualifiziert haben. b. Alle Teams, die sich f\u00fcr die Zwischenrunde qualifziert hatten und alle nicht [&hellip;]<\/p>\n","protected":false},"author":1,"featured_media":0,"parent":0,"menu_order":0,"comment_status":"closed","ping_status":"closed","template":"","meta":{"footnotes":""},"class_list":["post-6894","page","type-page","status-publish","hentry"],"_links":{"self":[{"href":"http:\/\/ibs.drenai.net\/index.php?rest_route=\/wp\/v2\/pages\/6894","targetHints":{"allow":["GET"]}}],"collection":[{"href":"http:\/\/ibs.drenai.net\/index.php?rest_route=\/wp\/v2\/pages"}],"about":[{"href":"http:\/\/ibs.drenai.net\/index.php?rest_route=\/wp\/v2\/types\/page"}],"author":[{"embeddable":true,"href":"http:\/\/ibs.drenai.net\/index.php?rest_route=\/wp\/v2\/users\/1"}],"replies":[{"embeddable":true,"href":"http:\/\/ibs.drenai.net\/index.php?rest_route=%2Fwp%2Fv2%2Fcomments&post=6894"}],"version-history":[{"count":4,"href":"http:\/\/ibs.drenai.net\/index.php?rest_route=\/wp\/v2\/pages\/6894\/revisions"}],"predecessor-version":[{"id":6919,"href":"http:\/\/ibs.drenai.net\/index.php?rest_route=\/wp\/v2\/pages\/6894\/revisions\/6919"}],"wp:attachment":[{"href":"http:\/\/ibs.drenai.net\/index.php?rest_route=%2Fwp%2Fv2%2Fmedia&parent=6894"}],"curies":[{"name":"wp","href":"https:\/\/api.w.org\/{rel}","templated":true}]}}