{"id":68,"date":"2020-02-20T16:48:14","date_gmt":"2020-02-20T16:48:14","guid":{"rendered":"http:\/\/ibs.drenai.net\/?page_id=68"},"modified":"2021-12-11T11:00:08","modified_gmt":"2021-12-11T11:00:08","slug":"historie","status":"publish","type":"page","link":"http:\/\/ibs.drenai.net\/?page_id=68","title":{"rendered":"Historie"},"content":{"rendered":"<p>Die <b>I<\/b>nterstate<b> B<\/b>aseball<b> S<\/b>eries wurde 2015 mit 30 Teams gegr\u00fcndet. Die 30 Teams sind in sechs State Leagues aufgeteilt. Die Spiele innerhalb der State Leagues bilden die Regular Season.<\/p>\n<p>Das jeweils beste Team erh\u00e4lt dann die George-Ruth-Trophy.<\/p>\n<p>Die jeweils zwei Besten der State Leagues erreichen dann die Post Season. Die jeweiligen State Champions sind allerdings direkt f\u00fcr die Play Offs qualifiziert, w\u00e4hrend die Runner Ups in Wild Card-Spielen die letzten beiden Teilnehmer der Play Offs ausspielen m\u00fcssen.<\/p>\n<p>Am 09. Juli 2018 gelang den Astoria City Spiders Seasons-\u00fcbergreifend als erstes Team 1000 Runs. Daf\u00fcr ben\u00f6tigten sie insgesamt 140 Spiele.<\/p>\n<p>Die Williamsburg Nationals feierten beim zweiten Sieg in der Series 2018 am 10. September den Season-\u00fcbergreifend 100. Sieg (bei 164 Spielen).<\/p>\n<h2>Top 10 der IBS<\/h2>\n<p><span style=\"display: inline !important; float: none; background-color: #ffffff; color: #333333; font-family: 'Lato',sans-serif; font-size: 16px; font-style: normal; font-variant: normal; font-weight: 400; letter-spacing: normal; orphans: 2; text-align: left; text-decoration: none; text-indent: 0px; text-transform: none; -webkit-text-stroke-width: 0px; white-space: normal; word-spacing: 0px;\"><div class=\"sportspress sp-widget-align-justify\"><div class=\"sp-template sp-template-league-table\">\n\t<div class=\"sp-table-wrapper\"><table class=\"sp-league-table sp-league-table-975 sp-data-table sp-sortable-table sp-scrollable-table sp-paginated-table\" data-sp-rows=\"10\"><thead><tr><th class=\"data-rank\">Pos<\/th><th class=\"data-name\">Mannschaft<\/th><th class=\"data-w\">S<\/th><th class=\"data-l\">N<\/th><th class=\"data-rs\">Runs<\/th><th class=\"data-runsprospiel\">Runs pro Spiel<\/th><th class=\"data-strk\">Serie<\/th><\/tr><\/thead><tbody><tr class=\"odd sp-row-no-0\"><td class=\"data-rank\" data-label=\"Pos\">1<\/td><td class=\"data-name\" data-label=\"Mannschaft\">Nationals<\/td><td class=\"data-w\" data-label=\"S\">222<\/td><td class=\"data-l\" data-label=\"N\">141<\/td><td class=\"data-rs\" data-label=\"Runs\">2401<\/td><td class=\"data-runsprospiel\" data-label=\"Runs pro Spiel\">6.6<\/td><td class=\"data-strk\" data-label=\"Serie\"><span style=\"color:red\">N1<\/span><\/td><\/tr><tr class=\"even sp-row-no-1\"><td class=\"data-rank\" data-label=\"Pos\">2<\/td><td class=\"data-name\" data-label=\"Mannschaft\">Shenghei Lords<\/td><td class=\"data-w\" data-label=\"S\">153<\/td><td class=\"data-l\" data-label=\"N\">145<\/td><td class=\"data-rs\" data-label=\"Runs\">2037<\/td><td class=\"data-runsprospiel\" data-label=\"Runs pro Spiel\">6.8<\/td><td class=\"data-strk\" data-label=\"Serie\"><span style=\"color:green\">S1<\/span><\/td><\/tr><tr class=\"odd sp-row-no-2\"><td class=\"data-rank\" data-label=\"Pos\">3<\/td><td class=\"data-name\" data-label=\"Mannschaft\">Eagles<\/td><td class=\"data-w\" data-label=\"S\">173<\/td><td class=\"data-l\" data-label=\"N\">148<\/td><td class=\"data-rs\" data-label=\"Runs\">2172<\/td><td class=\"data-runsprospiel\" data-label=\"Runs pro Spiel\">6.8<\/td><td class=\"data-strk\" data-label=\"Serie\"><span style=\"color:red\">N1<\/span><\/td><\/tr><tr class=\"even sp-row-no-3\"><td class=\"data-rank\" data-label=\"Pos\">4<\/td><td class=\"data-name\" data-label=\"Mannschaft\">Buccaneer Bay Glory<\/td><td class=\"data-w\" data-label=\"S\">155<\/td><td class=\"data-l\" data-label=\"N\">149<\/td><td class=\"data-rs\" data-label=\"Runs\">1963<\/td><td class=\"data-runsprospiel\" data-label=\"Runs pro Spiel\">6.5<\/td><td class=\"data-strk\" data-label=\"Serie\"><span style=\"color:red\">N2<\/span><\/td><\/tr><tr class=\"odd sp-row-no-4\"><td class=\"data-rank\" data-label=\"Pos\">5<\/td><td class=\"data-name\" data-label=\"Mannschaft\">Golden Gate Rex<\/td><td class=\"data-w\" data-label=\"S\">143<\/td><td class=\"data-l\" data-label=\"N\">149<\/td><td class=\"data-rs\" data-label=\"Runs\">1906<\/td><td class=\"data-runsprospiel\" data-label=\"Runs pro Spiel\">6.5<\/td><td class=\"data-strk\" data-label=\"Serie\"><span style=\"color:green\">S4<\/span><\/td><\/tr><tr class=\"even sp-row-no-5\"><td class=\"data-rank\" data-label=\"Pos\">6<\/td><td class=\"data-name\" data-label=\"Mannschaft\">Greenville Mustangs<\/td><td class=\"data-w\" data-label=\"S\">168<\/td><td class=\"data-l\" data-label=\"N\">150<\/td><td class=\"data-rs\" data-label=\"Runs\">2079<\/td><td class=\"data-runsprospiel\" data-label=\"Runs pro Spiel\">6.5<\/td><td class=\"data-strk\" data-label=\"Serie\"><span style=\"color:green\">S2<\/span><\/td><\/tr><tr class=\"odd sp-row-no-6\"><td class=\"data-rank\" data-label=\"Pos\">7<\/td><td class=\"data-name\" data-label=\"Mannschaft\">Port Virgina Lizzards<\/td><td class=\"data-w\" data-label=\"S\">151<\/td><td class=\"data-l\" data-label=\"N\">150<\/td><td class=\"data-rs\" data-label=\"Runs\">2065<\/td><td class=\"data-runsprospiel\" data-label=\"Runs pro Spiel\">6.9<\/td><td class=\"data-strk\" data-label=\"Serie\"><span style=\"color:red\">N4<\/span><\/td><\/tr><tr class=\"even sp-row-no-7\"><td class=\"data-rank\" data-label=\"Pos\">8<\/td><td class=\"data-name\" data-label=\"Mannschaft\">Las Venturas Angels<\/td><td class=\"data-w\" data-label=\"S\">143<\/td><td class=\"data-l\" data-label=\"N\">150<\/td><td class=\"data-rs\" data-label=\"Runs\">1962<\/td><td class=\"data-runsprospiel\" data-label=\"Runs pro Spiel\">6.7<\/td><td class=\"data-strk\" data-label=\"Serie\"><span style=\"color:red\">N1<\/span><\/td><\/tr><tr class=\"odd sp-row-no-8\"><td class=\"data-rank\" data-label=\"Pos\">9<\/td><td class=\"data-name\" data-label=\"Mannschaft\">Ambridge Saints<\/td><td class=\"data-w\" data-label=\"S\">146<\/td><td class=\"data-l\" data-label=\"N\">151<\/td><td class=\"data-rs\" data-label=\"Runs\">1969<\/td><td class=\"data-runsprospiel\" data-label=\"Runs pro Spiel\">6.6<\/td><td class=\"data-strk\" data-label=\"Serie\"><span style=\"color:red\">N6<\/span><\/td><\/tr><tr class=\"even sp-row-no-9\"><td class=\"data-rank\" data-label=\"Pos\">10<\/td><td class=\"data-name\" data-label=\"Mannschaft\">Clear River Monsters<\/td><td class=\"data-w\" data-label=\"S\">157<\/td><td class=\"data-l\" data-label=\"N\">153<\/td><td class=\"data-rs\" data-label=\"Runs\">2090<\/td><td class=\"data-runsprospiel\" data-label=\"Runs pro Spiel\">6.7<\/td><td class=\"data-strk\" data-label=\"Serie\"><span style=\"color:red\">N1<\/span><\/td><\/tr><\/tbody><\/table><\/div><div class=\"sp-league-table-link sp-view-all-link\"><a href=\"http:\/\/ibs.drenai.net\/?sp_table=interstate-baseball-series\">Vollst\u00e4ndige Tabelle ansehen<\/a><\/div><\/div>\n<\/div><\/span><\/p>\n<p><em>Seit 2018 sind die Williamsburg Nationals das beste Team der Interstate Baseball Series. 2016 bis 2017 waren die Harper Bees an der Spitze. Davor waren die Desperation Avengers das beste Team.<\/em><\/p>\n<p>&nbsp;<\/p>\n","protected":false},"excerpt":{"rendered":"<p>Die Interstate Baseball Series wurde 2015 mit 30 Teams gegr\u00fcndet. Die 30 Teams sind in sechs State Leagues aufgeteilt. Die Spiele innerhalb der State Leagues bilden die Regular Season. Das jeweils beste Team erh\u00e4lt dann die George-Ruth-Trophy. Die jeweils zwei Besten der State Leagues erreichen dann die Post Season. Die jeweiligen State Champions sind allerdings [&hellip;]<\/p>\n","protected":false},"author":1,"featured_media":0,"parent":0,"menu_order":0,"comment_status":"closed","ping_status":"closed","template":"","meta":{"footnotes":""},"class_list":["post-68","page","type-page","status-publish","hentry"],"_links":{"self":[{"href":"http:\/\/ibs.drenai.net\/index.php?rest_route=\/wp\/v2\/pages\/68","targetHints":{"allow":["GET"]}}],"collection":[{"href":"http:\/\/ibs.drenai.net\/index.php?rest_route=\/wp\/v2\/pages"}],"about":[{"href":"http:\/\/ibs.drenai.net\/index.php?rest_route=\/wp\/v2\/types\/page"}],"author":[{"embeddable":true,"href":"http:\/\/ibs.drenai.net\/index.php?rest_route=\/wp\/v2\/users\/1"}],"replies":[{"embeddable":true,"href":"http:\/\/ibs.drenai.net\/index.php?rest_route=%2Fwp%2Fv2%2Fcomments&post=68"}],"version-history":[{"count":7,"href":"http:\/\/ibs.drenai.net\/index.php?rest_route=\/wp\/v2\/pages\/68\/revisions"}],"predecessor-version":[{"id":4985,"href":"http:\/\/ibs.drenai.net\/index.php?rest_route=\/wp\/v2\/pages\/68\/revisions\/4985"}],"wp:attachment":[{"href":"http:\/\/ibs.drenai.net\/index.php?rest_route=%2Fwp%2Fv2%2Fmedia&parent=68"}],"curies":[{"name":"wp","href":"https:\/\/api.w.org\/{rel}","templated":true}]}}