{"id":6352,"date":"2025-02-13T13:51:41","date_gmt":"2025-02-13T13:51:41","guid":{"rendered":"http:\/\/ibs.drenai.net\/?page_id=6352"},"modified":"2026-04-04T13:38:30","modified_gmt":"2026-04-04T13:38:30","slug":"fuso-baseball-series","status":"publish","type":"page","link":"http:\/\/ibs.drenai.net\/?page_id=6352","title":{"rendered":"Fus\u014d Baseball Series"},"content":{"rendered":"<p><img loading=\"lazy\" decoding=\"async\" class=\"size-medium wp-image-6356 alignleft\" src=\"http:\/\/ibs.drenai.net\/wp-content\/uploads\/2025\/02\/Gemini_Generated_Image_ih31fkih31fkih31-300x300.jpg\" alt=\"\" width=\"300\" height=\"300\" srcset=\"http:\/\/ibs.drenai.net\/wp-content\/uploads\/2025\/02\/Gemini_Generated_Image_ih31fkih31fkih31-300x300.jpg 300w, http:\/\/ibs.drenai.net\/wp-content\/uploads\/2025\/02\/Gemini_Generated_Image_ih31fkih31fkih31-1024x1024.jpg 1024w, http:\/\/ibs.drenai.net\/wp-content\/uploads\/2025\/02\/Gemini_Generated_Image_ih31fkih31fkih31-150x150.jpg 150w, http:\/\/ibs.drenai.net\/wp-content\/uploads\/2025\/02\/Gemini_Generated_Image_ih31fkih31fkih31-768x768.jpg 768w, http:\/\/ibs.drenai.net\/wp-content\/uploads\/2025\/02\/Gemini_Generated_Image_ih31fkih31fkih31-1536x1536.jpg 1536w, http:\/\/ibs.drenai.net\/wp-content\/uploads\/2025\/02\/Gemini_Generated_Image_ih31fkih31fkih31-128x128.jpg 128w, http:\/\/ibs.drenai.net\/wp-content\/uploads\/2025\/02\/Gemini_Generated_Image_ih31fkih31fkih31-32x32.jpg 32w, http:\/\/ibs.drenai.net\/wp-content\/uploads\/2025\/02\/Gemini_Generated_Image_ih31fkih31fkih31.jpg 2048w\" sizes=\"auto, (max-width: 300px) 100vw, 300px\" \/>Die Fus\u014d Basbeall Series hat im M\u00e4rz 2025 ihren ersten Spielbetrieb aufgenommen. Erster Meister wurden die Saizu Kobuchi. Die zweite Saison beginnt am 03. April 2026.<\/p>\n<p>Es gibt drei Leagues zu je 5 Teams. Die Hokubu R\u012bgu im Norden, die Nanbu R\u012bgu im S\u00fcden und seit 2026 die Chibu Rigu, die den mittleren Osten abdeckt. Jedes Team empf\u00e4ngt jeweils drei Mal jedes andere Team der eigenen League. Zur gleichen Zeit duellieren sich die Ranggleichen Teams, welche Spielfrei haben.<\/p>\n<p>2025 gab es zwei Leagues zu je 6 Teams. Die Hokubu R\u012bgu im Norden und die Nanbu R\u012bgu im S\u00fcden. Jedes Team empfing jeweils zwei Mal jedes andere Team der eigenen League. Zwischen den Doppelrunden fand die Interleague Season statt. Dort spielten die ersten drei R\u00e4nge und die letzten drei R\u00e4nge gegen jedes andere Team des gleichen Ranges je einmal zu Hause. In 2025 wurden die R\u00e4nge ausgelost.<\/p>\n<p>Steht es nach 9 Innings Unentschieden wird das Spiel jeweils um 1 Inning bis zum 12. Inning verl\u00e4ngert, bis eine Entscheidung gefallen ist. Steht es nach 12 Inning Unentschieden, endet das Spiel Unentschieden. Auch in den Play Offs kann es ein Unentschieden geben. Au\u00dfer es ist das letzte Spiel der Begegnung.<\/p>\n<p>In der Tabelle wird die Anzahl der Siege als erstes gewertet, anschlie\u00dfend die Anzahl der Niederlagen. Die Unentschieden fallen bei der Wertung raus.Anschlie\u00dfend z\u00e4hlt die Differenz der Runs und abschlie\u00dfend die Anzahl der erzielten Runs.<\/p>\n<p>F\u00fcr die Post Seaosn sind die Riguchanpion, die zweiten Pl\u00e4tze und der beste dritte Platz qualifiziert.<\/p>\n<p>Der Saishuyu (bestes Team der Regular Season) steht als Nr. 1 der Setzliste automatisch im Chukan (= Zwischenrunde als Halbfinale).<\/p>\n<p>Die \u00fcbrigen sechs Teams spielen in der vorherigen Yosen (= Qualfifikation). Dabei werden die anderen beiden Riguchanmpiopn auf die Setzliste 2 und 3 gesetzt. Die jeweiligen 2. Pl\u00e4tze belegen die Setzlistenr\u00e4nge 4 bis 6 und der beste dritte Platz erh\u00e4lt den Rang 7. In der Yosen spielen Nr. 2 gegen Nr. 7, Nr. 3 gegen Nr. 6 und Nr. 4 gegen Nr. 5.<\/p>\n<p>In den Yosen sind zwei Siege zu erzielen (also &#8222;First to 2&#8220;). Steht es also 1 zu 1 ist das folgende Spiel zu Ende zu spielen. Die Setzlistenr\u00e4nge 2, 3 und 4 haben in jedem ungeraden Spiel Heimrecht. In dem folgenden Chukan haben der Saishuyu und das am h\u00f6chsten in der Setzrangliste stehende qualifizierte Team in den ersten beiden Spielen und dann ab Spiel Nr. 5 in den ungeraden Spielen Heimrecht. Hier sind drei Siege notwendig. Steht es also 2 zu 2, ist das folgende Spiel zu Ende zu spielen (&#8222;First to 3&#8220;).<\/p>\n<p>In den folgendem Fus\u014d Series (auch &#8222;Kesssho&#8220; genannt) treten die Sieger der Chukan gegeneinander an. Hier sind 4 Siege notwendig. Steht es also 3 zu 3, ist das folgende Spiel zu Ende zu spielen. Heimrecht in den ersten beiden Spielen und dann ab dem 5. Spiel in den ungeraden Spielen hat das Team, welches insgesamt in der Setzrangliste den besseren Rang hat.<\/p>\n<p>Post Season 2025: Die jeweiligen Riguchanpion (= League-Sieger) standen direkt im Chukan (= Halbfinale oder Zwischenrunde). Die R\u00e4nge 2 und 3 spielzen in den Play Offs die Yosen-Gegner \u00fcber Kreuz aus. Der Platz 2 hatte in den ungeraden Spielen Heimrecht. Diese Runde nannte man Yosen (=Vorrunde). In den Play Yosen zwischen Rang 2 und Rang 3 waren zwei Siege zu erzielen (also &#8222;First to 2&#8220;). Stand es also 1 zu 1 ist das folgende Spiel zu Ende zu spielen. In dem folgenden Chukan \u2013 wo die League-Sieger in den ersten beiden Spielen und dann ab Spiel Nr. 5 in den ungeraden Spielen Heimrecht hatten, waren Siege notwendig. Stand es also 2 zu 2, war das folgende Spiel zu Ende zu spielen (&#8222;First to 3&#8220;). Rang 1 und 2 wurden den Riguchanpion zugeordnet, Rang 3 und 4 die beiden 2. Pl\u00e4tze und die R\u00e4nge 5 und 6 erhielten die drittplatzierten Teams.<\/p>\n<p>&nbsp;<\/p>\n<p>Rigun 2025<\/p>\n<p><a href=\"http:\/\/ibs.drenai.net\/wp-content\/uploads\/2025\/02\/kbs-fuso.jpg\" target=\"_blank\" rel=\"noopener\"><img loading=\"lazy\" decoding=\"async\" class=\"wp-image-6369 size-medium alignleft\" src=\"http:\/\/ibs.drenai.net\/wp-content\/uploads\/2025\/02\/kbs-fuso-224x300.jpg\" alt=\"\" width=\"224\" height=\"300\" srcset=\"http:\/\/ibs.drenai.net\/wp-content\/uploads\/2025\/02\/kbs-fuso-224x300.jpg 224w, http:\/\/ibs.drenai.net\/wp-content\/uploads\/2025\/02\/kbs-fuso-96x128.jpg 96w, http:\/\/ibs.drenai.net\/wp-content\/uploads\/2025\/02\/kbs-fuso-24x32.jpg 24w, http:\/\/ibs.drenai.net\/wp-content\/uploads\/2025\/02\/kbs-fuso.jpg 764w\" sizes=\"auto, (max-width: 224px) 100vw, 224px\" \/><\/a><\/p>\n","protected":false},"excerpt":{"rendered":"<p>Die Fus\u014d Basbeall Series hat im M\u00e4rz 2025 ihren ersten Spielbetrieb aufgenommen. Erster Meister wurden die Saizu Kobuchi. Die zweite Saison beginnt am 03. April 2026. Es gibt drei Leagues zu je 5 Teams. Die Hokubu R\u012bgu im Norden, die Nanbu R\u012bgu im S\u00fcden und seit 2026 die Chibu Rigu, die den mittleren Osten abdeckt. [&hellip;]<\/p>\n","protected":false},"author":1,"featured_media":0,"parent":0,"menu_order":0,"comment_status":"closed","ping_status":"closed","template":"","meta":{"footnotes":""},"class_list":["post-6352","page","type-page","status-publish","hentry"],"_links":{"self":[{"href":"http:\/\/ibs.drenai.net\/index.php?rest_route=\/wp\/v2\/pages\/6352","targetHints":{"allow":["GET"]}}],"collection":[{"href":"http:\/\/ibs.drenai.net\/index.php?rest_route=\/wp\/v2\/pages"}],"about":[{"href":"http:\/\/ibs.drenai.net\/index.php?rest_route=\/wp\/v2\/types\/page"}],"author":[{"embeddable":true,"href":"http:\/\/ibs.drenai.net\/index.php?rest_route=\/wp\/v2\/users\/1"}],"replies":[{"embeddable":true,"href":"http:\/\/ibs.drenai.net\/index.php?rest_route=%2Fwp%2Fv2%2Fcomments&post=6352"}],"version-history":[{"count":9,"href":"http:\/\/ibs.drenai.net\/index.php?rest_route=\/wp\/v2\/pages\/6352\/revisions"}],"predecessor-version":[{"id":9304,"href":"http:\/\/ibs.drenai.net\/index.php?rest_route=\/wp\/v2\/pages\/6352\/revisions\/9304"}],"wp:attachment":[{"href":"http:\/\/ibs.drenai.net\/index.php?rest_route=%2Fwp%2Fv2%2Fmedia&parent=6352"}],"curies":[{"name":"wp","href":"https:\/\/api.w.org\/{rel}","templated":true}]}}