{"id":6347,"date":"2025-02-13T12:13:27","date_gmt":"2025-02-13T12:13:27","guid":{"rendered":"http:\/\/ibs.drenai.net\/?page_id=6347"},"modified":"2026-03-24T07:23:55","modified_gmt":"2026-03-24T07:23:55","slug":"national-baseball-series","status":"publish","type":"page","link":"http:\/\/ibs.drenai.net\/?page_id=6347","title":{"rendered":"National Baseball Series"},"content":{"rendered":"<p><strong>Die Series 2025 endeten wie folgt:<\/strong><br \/>\nNew Virginie Mets &#8211; Ignacius Owlers 4-3 (6:12-13:4-5:9-8:7-5:3-8:12-14:9)<br \/>\n<em>Die Mets waren Sieger der Central Conference, die Owlers waren Sieger der East-Coast Conference. Sieger der Northern Conference waren die Shenghei Reds (zum zweiten Mal in Folge) und Sieger der Southern Conference die Caliente; Aviators; beide Teams verloren ihre Duelle in den National Play Offs gegen die sp\u00e4teren Sereis-Teilnehmer.<\/em><\/p>\n<p><strong>Die Series 2024 endeten wie folgt:<\/strong><br \/>\nNew Union Rockies \u2013 Shenghei Reds 4-2 (5:3-4:6-7:8-7:6-6:5-5:3)<br \/>\n<em>Die Rockies waren Sieger der Southern Conference, die Reds waren Sieger der Northern Conference. Sieger der Central Conference waren die Pottsborough Scorchers und Sieger der East-Coast Conference die Amada Twins; beide Teams verloren ihre Duelle in den National Play Offs gegen die sp\u00e4teren Sereis-Teilnehmer.<\/em><\/p>\n<p><strong>Liga-Struktur<\/strong><br \/>\nDie National Baseball Series ist die Nachfolge-Liga der Interstate Baseball Series und hat 32 Teams in 4 Conferences organisiert.<\/p>\n<p>Es gibt vier Conferences mit je 8 Teams<br \/>\nNorthern Conference<br \/>\nCentral Conference<br \/>\nEast Coast Conference<br \/>\nSouthern Conference<\/p>\n<p>Jede Conference hat zwei Divisions zu je 4 Teams<br \/>\nDie Northern und die Southern Conference habe je eine Eastern Division und eine Western Division<br \/>\nDie Central und die East-Coast Conference je eine Northern und Southern Division<\/p>\n<p><strong>Runden-Struktur<\/strong><br \/>\nDie Regular Season besteht aus 2 Hin- und R\u00fcckrunden (= 4 Runden) in den Divisions und 1 Hin- und R\u00fcckrunde in der Conference die zwischen der 2. und 3. Division-Runde statt findet. Die Division-Runden sind dann Doppelspieltage:<br \/>\n1. Division-Runde: 6 Spiele<br \/>\n2. Division-Runde: 6 Spiele<br \/>\n1. Conference-Runde: 7 Spiele<br \/>\n2. Conference-Runde: 7 Spiele<br \/>\n3. Division-Runde: 6 Spiele<br \/>\n4. Division-Runde: 6 Spiele<br \/>\n= 38 Spiele<\/p>\n<p><strong>Play Offs<\/strong><br \/>\nIn der Tabelle z\u00e4hlt die Anzahl der Siege, dann die Anzahl der Runs im Vergleich. Anschlie\u00dfend der direkte Vergleich im gleichen Muster.<br \/>\nDie jeweiligen Division-Champions stehen, wie das n\u00e4chstbeste Team in den Conference Halbfinals (Conference Play Offs). Die beiden n\u00e4chstbesten Teams in der Conference stehen in den vorgelagerten Wild Cards. S\u00e4mtliche Play Offs werden nach dem Seed-Verfahren organisiert. Die Wild Cards werden im Best of 3 ausgetragen. Die Conference Play Offs und Conference Series im Best of 5.<br \/>\nDie Conference Champions spielen dann in den National Series Season. Die National Series Season besteht aus dem Halbfinale (Play Offs) und dem Finale (Series), welche im Best of 7 ausgetragen werden.<\/p>\n","protected":false},"excerpt":{"rendered":"<p>Die Series 2025 endeten wie folgt: New Virginie Mets &#8211; Ignacius Owlers 4-3 (6:12-13:4-5:9-8:7-5:3-8:12-14:9) Die Mets waren Sieger der Central Conference, die Owlers waren Sieger der East-Coast Conference. Sieger der Northern Conference waren die Shenghei Reds (zum zweiten Mal in Folge) und Sieger der Southern Conference die Caliente; Aviators; beide Teams verloren ihre Duelle in [&hellip;]<\/p>\n","protected":false},"author":1,"featured_media":0,"parent":0,"menu_order":0,"comment_status":"closed","ping_status":"closed","template":"","meta":{"footnotes":""},"class_list":["post-6347","page","type-page","status-publish","hentry"],"_links":{"self":[{"href":"http:\/\/ibs.drenai.net\/index.php?rest_route=\/wp\/v2\/pages\/6347","targetHints":{"allow":["GET"]}}],"collection":[{"href":"http:\/\/ibs.drenai.net\/index.php?rest_route=\/wp\/v2\/pages"}],"about":[{"href":"http:\/\/ibs.drenai.net\/index.php?rest_route=\/wp\/v2\/types\/page"}],"author":[{"embeddable":true,"href":"http:\/\/ibs.drenai.net\/index.php?rest_route=\/wp\/v2\/users\/1"}],"replies":[{"embeddable":true,"href":"http:\/\/ibs.drenai.net\/index.php?rest_route=%2Fwp%2Fv2%2Fcomments&post=6347"}],"version-history":[{"count":4,"href":"http:\/\/ibs.drenai.net\/index.php?rest_route=\/wp\/v2\/pages\/6347\/revisions"}],"predecessor-version":[{"id":9298,"href":"http:\/\/ibs.drenai.net\/index.php?rest_route=\/wp\/v2\/pages\/6347\/revisions\/9298"}],"wp:attachment":[{"href":"http:\/\/ibs.drenai.net\/index.php?rest_route=%2Fwp%2Fv2%2Fmedia&parent=6347"}],"curies":[{"name":"wp","href":"https:\/\/api.w.org\/{rel}","templated":true}]}}